{"id":212,"date":"2025-05-06T14:43:33","date_gmt":"2025-05-06T14:43:33","guid":{"rendered":"https:\/\/hukv-ottweiler.de\/?page_id=212"},"modified":"2025-05-06T14:43:33","modified_gmt":"2025-05-06T14:43:33","slug":"anmeldung-zur-ausstellung","status":"publish","type":"page","link":"https:\/\/hukv-ottweiler.de\/index.php\/anmeldung-zur-ausstellung\/","title":{"rendered":"Anmeldung zur Ausstellung"},"content":{"rendered":"<div class=\"frm_forms  with_frm_style frm_style_formidable-stil\" id=\"frm_form_2_container\" data-token=\"6dbd97b1355bcc2ef3f44ab150177b8f\">\n<form enctype=\"multipart\/form-data\" method=\"post\" class=\"frm-show-form \" id=\"form_anmeldung\" data-token=\"6dbd97b1355bcc2ef3f44ab150177b8f\">\n<div class=\"frm_form_fields \">\n<fieldset>\n<legend class=\"frm_screen_reader\">Anmeldung<\/legend>\n\n<div class=\"frm_fields_container\">\n<input type=\"hidden\" name=\"frm_action\" value=\"create\" \/>\n<input type=\"hidden\" name=\"form_id\" value=\"2\" \/>\n<input type=\"hidden\" name=\"frm_hide_fields_2\" id=\"frm_hide_fields_2\" value=\"\" \/>\n<input type=\"hidden\" name=\"form_key\" value=\"anmeldung\" \/>\n<input type=\"hidden\" name=\"item_meta[0]\" value=\"\" \/>\n<input type=\"hidden\" id=\"frm_submit_entry_2\" name=\"frm_submit_entry_2\" value=\"2bab613416\" \/><input type=\"hidden\" name=\"_wp_http_referer\" value=\"\/index.php\/wp-json\/wp\/v2\/pages\/212\" \/><div id=\"frm_field_7_container\" class=\"frm_form_field form-field  frm_required_field frm_top_container\">\n\t<label for=\"field_ukq8h\" id=\"field_ukq8h_label\" class=\"frm_primary_label\">Bitte geben Sie Ihren Namen ein:\n\t\t<span class=\"frm_required\" aria-hidden=\"true\">*<\/span>\n\t<\/label>\n\t<input type=\"text\" id=\"field_ukq8h\" name=\"item_meta[7]\" value=\"\"  data-reqmsg=\"Bitte geben Sie Ihren Namen ein: kann nicht leer sein.\" aria-required=\"true\" data-invmsg=\"Bitte geben Sie Ihren Namen ein: ist ung\u00fcltig\" aria-invalid=\"false\"  \/>\n\t\n\t\n<\/div>\n<div id=\"frm_field_10_container\" class=\"frm_form_field form-field  frm_top_container\">\n\t<label for=\"field_p1trl\" id=\"field_p1trl_label\" class=\"frm_primary_label\">Bitte geben Sie Ihre Telefonnummer ein:\n\t\t<span class=\"frm_required\" aria-hidden=\"true\"><\/span>\n\t<\/label>\n\t<input type=\"text\" id=\"field_p1trl\" name=\"item_meta[10]\" value=\"\"  data-invmsg=\"Bitte geben Sie Ihre Telefonnummer ein: ist ung\u00fcltig\" aria-invalid=\"false\"  \/>\n\t\n\t\n<\/div>\n<div id=\"frm_field_11_container\" class=\"frm_form_field form-field  frm_top_container\">\n\t<label for=\"field_v424c\" id=\"field_v424c_label\" class=\"frm_primary_label\">Bitte geben Sie Ihre Email Adresse ein:\n\t\t<span class=\"frm_required\" aria-hidden=\"true\"><\/span>\n\t<\/label>\n\t<input type=\"text\" id=\"field_v424c\" name=\"item_meta[11]\" value=\"\"  data-invmsg=\"Bitte geben Sie Ihre Email Adresse ein: ist ung\u00fcltig\" aria-invalid=\"false\"  \/>\n\t\n\t\n<\/div>\n<div id=\"frm_field_9_container\" class=\"frm_form_field form-field  frm_top_container frm4 frm_first\">\n\t<label for=\"field_yjai4\" id=\"field_yjai4_label\" class=\"frm_primary_label\">Anzahl der Personen (max. 4)\n\t\t<span class=\"frm_required\" aria-hidden=\"true\"><\/span>\n\t<\/label>\n\t\t\t<select name=\"item_meta[9]\" id=\"field_yjai4\"  data-invmsg=\"Anzahl der Personen (max. 4) ist ung\u00fcltig\" aria-invalid=\"false\"  >\n\t\t<option  value=\"1\">1<\/option><option  value=\"2\">2<\/option><option  value=\"3\">3<\/option><option  value=\"4\">4<\/option>\t<\/select>\n\t\n\t\n\t\n<\/div>\n<div id=\"frm_field_8_container\" class=\"frm_form_field form-field  frm_required_field frm_top_container frm4 vertical_radio\">\n\t<div  id=\"field_iewma_label\" class=\"frm_primary_label\">Bitte w\u00e4hlen Sie das Event aus, an dem Sie kommen m\u00f6chten\n\t\t<span class=\"frm_required\" aria-hidden=\"true\">*<\/span>\n\t<\/div>\n\t<div class=\"frm_opt_container\" aria-labelledby=\"field_iewma_label\" role=\"group\">\t\t<div class=\"frm_checkbox\" id=\"frm_checkbox_8-1\">\t\t\t<label  for=\"field_iewma-1\">\n\t\t\t<input type=\"checkbox\" name=\"item_meta[8][]\" id=\"field_iewma-1\" value=\"03.07.2025 Weinabend\"  data-reqmsg=\"Bitte w\u00e4hlen Sie das Event aus, an dem Sie kommen m\u00f6chten kann nicht leer sein.\" data-invmsg=\"Bitte w\u00e4hlen Sie das Event aus, an dem Sie kommen m\u00f6chten ist ung\u00fcltig\" aria-invalid=\"false\"   aria-required=\"true\"  \/> 03.07.2025 Weinabend<\/label><\/div>\n<\/div>\n\t\n\t\n<\/div>\n<div id=\"frm_field_6_container\" class=\"frm_form_field form-field  frm4\">\n\t<div class=\"frm_submit frm_flex\">\n<button class=\"frm_button_submit\" type=\"submit\"  >Senden<\/button>\n\n\n\n<\/div>\n<\/div>\n\t<input type=\"hidden\" name=\"item_key\" value=\"\" \/>\n\t\t\t<div id=\"frm_field_12_container\">\n\t\t\t<label for=\"field_fckdi\" >\n\t\t\t\tFalls Du menschlich bist, lasse dieses Feld leer.\t\t\t<\/label>\n\t\t\t<input  id=\"field_fckdi\" type=\"text\" class=\"frm_form_field form-field frm_verify\" name=\"item_meta[12]\" value=\"\"  \/>\n\t\t<\/div>\n\t\t<input name=\"frm_state\" type=\"hidden\" value=\"V5wGWfu+vo8SCh4xiRp4N64h1WlhoqtsbrPnDKF8l6s=\" \/><\/div>\n<\/fieldset>\n<\/div>\n\n<\/form>\n<\/div>\n","protected":false},"excerpt":{"rendered":"","protected":false},"author":2,"featured_media":0,"parent":0,"menu_order":0,"comment_status":"closed","ping_status":"closed","template":"","meta":{"footnotes":""},"class_list":["post-212","page","type-page","status-publish","hentry"],"_links":{"self":[{"href":"https:\/\/hukv-ottweiler.de\/index.php\/wp-json\/wp\/v2\/pages\/212","targetHints":{"allow":["GET"]}}],"collection":[{"href":"https:\/\/hukv-ottweiler.de\/index.php\/wp-json\/wp\/v2\/pages"}],"about":[{"href":"https:\/\/hukv-ottweiler.de\/index.php\/wp-json\/wp\/v2\/types\/page"}],"author":[{"embeddable":true,"href":"https:\/\/hukv-ottweiler.de\/index.php\/wp-json\/wp\/v2\/users\/2"}],"replies":[{"embeddable":true,"href":"https:\/\/hukv-ottweiler.de\/index.php\/wp-json\/wp\/v2\/comments?post=212"}],"version-history":[{"count":1,"href":"https:\/\/hukv-ottweiler.de\/index.php\/wp-json\/wp\/v2\/pages\/212\/revisions"}],"predecessor-version":[{"id":214,"href":"https:\/\/hukv-ottweiler.de\/index.php\/wp-json\/wp\/v2\/pages\/212\/revisions\/214"}],"wp:attachment":[{"href":"https:\/\/hukv-ottweiler.de\/index.php\/wp-json\/wp\/v2\/media?parent=212"}],"curies":[{"name":"wp","href":"https:\/\/api.w.org\/{rel}","templated":true}]}}