{"id":11,"date":"2024-03-04T10:15:52","date_gmt":"2024-03-04T10:15:52","guid":{"rendered":"https:\/\/hukv-ottweiler.de\/?page_id=11"},"modified":"2025-02-24T07:58:18","modified_gmt":"2025-02-24T07:58:18","slug":"__trashed","status":"publish","type":"page","link":"https:\/\/hukv-ottweiler.de\/","title":{"rendered":"Startseite"},"content":{"rendered":"<div class=\"\" style=\"\" >\n    \n    <section class=\"u-clearfix u-grey-5 u-section-2\" id=\"sec-c076\">\n      <div class=\"u-clearfix u-sheet u-sheet-1\"><\/div>\n    <\/section>\n    <section class=\"u-clearfix u-white u-section-3\" id=\"sec-3c22\">\n      <div class=\"u-clearfix u-sheet u-sheet-1\">\n        <img decoding=\"async\" class=\"u-border-2 u-border-grey-5 u-image u-image-round u-radius u-image-1\" src=\"https:\/\/hukv-ottweiler.de\/wp-content\/uploads\/2024\/03\/HuVv-scaled.jpg\" alt=\"\" data-image-width=\"2560\" data-image-height=\"1273\">\n        <h2 class=\"u-text u-text-1\"> Der Heimat- und Kulturverein&nbsp;<br>Ottweiler e. V. \u2013&nbsp;<br>wer wir sind, was wir wollen\n        <\/h2>\n        <p class=\"u-text u-text-2\"> Seit unserer Gr\u00fcndung setzen wir uns leidenschaftlich f\u00fcr die Entwicklung und das Miteinander in unserer sch\u00f6nen Stadt Ottweiler ein. Als gemeinn\u00fctziger Verein verfolgen wir das Ziel, die Stadt zu f\u00f6rdern, das kulturelle Leben zu bereichern und auch die lokale Wirtschaft zu st\u00e4rken.<\/p>\n      <\/div>\n    <\/section>\n    <section class=\"skrollable u-clearfix u-image u-parallax u-section-4\" id=\"sec-b6cf\" data-image-width=\"540\" data-image-height=\"312\" style=\"background-image: url(&quot;https:\/\/hukv-ottweiler.de\/wp-content\/uploads\/2024\/03\/IMG_20211016_232333_032.jpg&quot;);\">\n      <div class=\"u-clearfix u-sheet u-valign-middle u-sheet-1\"><\/div>\n    <\/section>\n    <section class=\"u-clearfix u-grey-5 u-section-5\" id=\"sec-e422\">\n      <div class=\"u-clearfix u-sheet u-sheet-1\">\n        <img decoding=\"async\" class=\"u-border-2 u-border-white u-expanded-width-xs u-image u-image-round u-radius u-image-1\" src=\"https:\/\/hukv-ottweiler.de\/wp-content\/uploads\/2024\/03\/ottwilla.jpg\" alt=\"\" data-image-width=\"540\" data-image-height=\"312\">\n        <h3 class=\"u-text u-text-1\"> Unser Engagement gilt seit seinem Bestehen der Entwicklung von Kultur und Leben in unserer Stadt.<\/h3>\n        <p class=\"u-text u-text-2\"> Gemeinsam mit Ihnen wollen wir unsere Stadt weiter voranbringen, gemeinsam mit weiteren Einrichtungen, Organisationen, Vereinen, der regionalen Wirtschaft, sozialen Einrichtungen und auch mit der Stadtverwaltung. Wir stehen f\u00fcr ein lebendiges Miteinander ein und f\u00f6rdern die Zukunft.<br>\n          <br>Wir laden Sie herzlich ein: Werden Sie zusammen mit uns f\u00fcr Ottweiler aktiv.\n        <\/p>\n      <\/div>\n    <\/section>\n    <section class=\"u-clearfix u-white u-section-6\" id=\"sec-10db\">\n      <div class=\"u-clearfix u-sheet u-sheet-1\">\n        <h3 class=\"u-text u-text-1\"> Vorstand gew\u00e4hlt am 08.11.2021<\/h3>\n      <\/div>\n    <\/section>\n    <section class=\"u-align-center u-clearfix u-container-align-center u-white u-section-7\" id=\"sec-e9e8\">\n      <div class=\"u-clearfix u-sheet u-sheet-1\">\n        <div class=\"u-expanded-width u-table u-table-responsive u-table-1\">\n          <table class=\"u-table-entity u-table-entity-1\">\n            <colgroup>\n              <col width=\"50%\">\n              <col width=\"50%\">\n            <\/colgroup>\n            <thead class=\"u-black u-table-header u-table-header-1\">\n              <tr style=\"height: 21px;\">\n                <th class=\"u-border-1 u-border-black u-table-cell\">Name&nbsp;<\/th>\n                <th class=\"u-border-1 u-border-black u-table-cell\">Titel<\/th>\n              <\/tr>\n            <\/thead>\n            <tbody class=\"u-grey-5 u-table-body u-table-body-1\">\n              <tr style=\"height: 38px;\">\n                <td class=\"u-border-1 u-border-white u-table-cell u-table-cell-3\"> Hans Paul<\/td>\n                <td class=\"u-border-1 u-border-white u-table-cell u-table-cell-4\"> Pr\u00e4sident<\/td>\n              <\/tr>\n              <tr style=\"height: 27px;\">\n                <td class=\"u-border-1 u-border-white u-table-cell u-table-cell-5\"> Brigitte Meister<\/td>\n                <td class=\"u-border-1 u-border-white u-table-cell u-table-cell-6\">Vorsitzende<\/td>\n              <\/tr>\n              <tr style=\"height: 26px;\">\n                <td class=\"u-border-1 u-border-white u-table-cell u-table-cell-7\"> Strempel Marion<\/td>\n                <td class=\"u-border-1 u-border-white u-table-cell u-table-cell-8\"> Vorsitzende<\/td>\n              <\/tr>\n              <tr style=\"height: 25px;\">\n                <td class=\"u-border-1 u-border-white u-table-cell u-table-cell-9\"> Hoffmann Ralf<\/td>\n                <td class=\"u-border-1 u-border-white u-table-cell u-table-cell-10\"> Vorsitzender<\/td>\n              <\/tr>\n              <tr style=\"height: 25px;\">\n                <td class=\"u-border-1 u-border-white u-table-cell u-table-cell-11\">Schmidt Patric<\/td>\n                <td class=\"u-border-1 u-border-white u-table-cell u-table-cell-12\">1. Schatzmeister<\/td>\n              <\/tr>\n              <tr style=\"height: 25px;\">\n                <td class=\"u-border-1 u-border-white u-table-cell u-table-cell-13\">Bojko Jasmine<\/td>\n                <td class=\"u-border-1 u-border-white u-table-cell u-table-cell-14\">2. Schatzmeisterin<\/td>\n              <\/tr>\n              <tr style=\"height: 32px;\">\n                <td class=\"u-border-1 u-border-white u-table-cell u-table-cell-15\">Welter Monika<\/td>\n                <td class=\"u-border-1 u-border-white u-table-cell u-table-cell-16\">1. Schriftf\u00fchrerin<\/td>\n              <\/tr>\n              <tr style=\"height: 27px;\">\n                <td class=\"u-border-1 u-border-white u-table-cell u-table-cell-17\">Dr. Pick Olaf<\/td>\n                <td class=\"u-border-1 u-border-white u-table-cell u-table-cell-18\">2. Schriftf\u00fchrer<\/td>\n              <\/tr>\n              <tr style=\"height: 25px;\">\n                <td class=\"u-border-1 u-border-white u-table-cell u-table-cell-19\">Paul Johannes<\/td>\n                <td class=\"u-border-1 u-border-white u-table-cell u-table-cell-20\">Abteilung Stra\u00dfenmusikfestival<\/td>\n              <\/tr>\n              <tr style=\"height: 28px;\">\n                <td class=\"u-border-1 u-border-white u-table-cell u-table-cell-21\">L\u00f6sch-R\u00f6dle Lore<\/td>\n                <td class=\"u-border-1 u-border-white u-table-cell u-table-cell-22\">Beisitzerteam<\/td>\n              <\/tr>\n              <tr style=\"height: 26px;\">\n                <td class=\"u-border-1 u-border-white u-table-cell u-table-cell-23\">Singer Margarete<\/td>\n                <td class=\"u-border-1 u-border-white u-table-cell u-table-cell-24\">Beisitzerteam<\/td>\n              <\/tr>\n              <tr style=\"height: 25px;\">\n                <td class=\"u-border-1 u-border-white u-table-cell u-table-cell-25\">Schmidt Michael<\/td>\n                <td class=\"u-border-1 u-border-white u-table-cell u-table-cell-26\">Beisitzerteam<\/td>\n              <\/tr>\n              <tr style=\"height: 27px;\">\n                <td class=\"u-border-1 u-border-white u-table-cell u-table-cell-27\">Gerhardt Klaus<\/td>\n                <td class=\"u-border-1 u-border-white u-table-cell u-table-cell-28\">Kassenpr\u00fcfer<\/td>\n              <\/tr>\n              <tr style=\"height: 26px;\">\n                <td class=\"u-border-1 u-border-white u-table-cell u-table-cell-29\">Zeiger Paul-Gerhard<\/td>\n                <td class=\"u-border-1 u-border-white u-table-cell u-table-cell-30\">Kassenpr\u00fcfer<\/td>\n              <\/tr>\n            <\/tbody>\n          <\/table>\n        <\/div>\n      <\/div>\n    <\/section>\n    <section class=\"skrollable u-clearfix u-image u-parallax u-section-8\" id=\"mehrlesen\" data-image-width=\"2000\" data-image-height=\"1500\" style=\"background-image: url(&quot;https:\/\/hukv-ottweiler.de\/wp-content\/uploads\/2024\/03\/400756885_2477076762467663_4715501954397430896_n.jpg&quot;);\">\n      <div class=\"u-clearfix u-sheet u-valign-middle u-sheet-1\"><\/div>\n    <\/section>\n    <section class=\"u-align-center u-clearfix u-container-align-center u-grey-5 u-section-9\" id=\"sec-77ea\">\n      <div class=\"u-clearfix u-sheet u-sheet-1\">\n        <h3 class=\"u-align-left u-text u-text-1\"> Unsere Ziele im \u00dcberblick:<\/h3>\n        <div class=\"data-layout-selected u-clearfix u-expanded-width u-gutter-10 u-layout-wrap u-layout-wrap-1\">\n          <div class=\"u-layout\">\n            <div class=\"u-layout-row\">\n              <div class=\"u-container-style u-layout-cell u-left-cell u-radius u-shape-round u-size-20 u-white u-layout-cell-1\">\n                <div class=\"u-container-layout u-container-layout-1\">\n                  <p class=\"u-text u-text-default u-text-2\"> B\u00fcrgerliches Miteinander f\u00f6rdern:<\/p>\n                  <p class=\"u-text u-text-default u-text-3\"> Wir verstehen uns als Plattform f\u00fcr alle, die Ottweiler zu dem machen, was es ist \u2013 eine lebendige und liebenswerte Stadt. Hier kommen Menschen zusammen, um Ideen zu teilen, gemeinsam Projekte umzusetzen und das Gemeinschaftsgef\u00fchl zu st\u00e4rken.<\/p>\n                <\/div>\n              <\/div>\n              <div class=\"u-container-style u-layout-cell u-radius u-shape-round u-size-20 u-white u-layout-cell-2\">\n                <div class=\"u-container-layout u-valign-top u-container-layout-2\">\n                  <p class=\"u-text u-text-default u-text-4\"> Kulturelle Vielfalt erleben:<\/p>\n                  <p class=\"u-text u-text-default u-text-5\"> Wir organisieren und unterst\u00fctzen Veranstaltungen, die das kulturelle Leben in Ottweiler bereichern. Ob die Theaterreihe Spielstark, das Festival der Stra\u00dfenmusik, den Martinsumzug und anderes mehr \u2013 wir schaffen Angebote.<\/p>\n                <\/div>\n              <\/div>\n              <div class=\"u-container-style u-layout-cell u-radius u-right-cell u-shape-round u-size-20 u-white u-layout-cell-3\">\n                <div class=\"u-container-layout u-container-layout-3\">\n                  <p class=\"u-text u-text-default u-text-6\"> Stadtentwicklung aus allen Blickwinkeln:<\/p>\n                  <p class=\"u-text u-text-default u-text-7\"> Wir sehen die Bed\u00fcrfnisse der gro\u00dfen und kleinen B\u00fcrgerinnen und B\u00fcrger. F\u00fcr sie und die Besucherinnen und Besucher in unserer Stadt wollen wir einen Ort gestalten, der viele Perspektiven aufweist.<\/p>\n                <\/div>\n              <\/div>\n            <\/div>\n          <\/div>\n        <\/div>\n      <\/div>\n    <\/section>\n    <section class=\"u-clearfix u-white u-section-10\" id=\"sec-79a5\">\n      <div class=\"u-clearfix u-sheet u-sheet-1\">\n        <h3 class=\"u-text u-text-1\"> Ihr Nutzen als Mitglied:<\/h3>\n        <img decoding=\"async\" class=\"u-border-2 u-border-white u-expanded-width-xs u-image u-image-round u-radius u-image-1\" src=\"https:\/\/hukv-ottweiler.de\/wp-content\/uploads\/2025\/02\/DJI_0729.jpg\" alt=\"\" data-image-width=\"2000\" data-image-height=\"1500\">\n        <p class=\"u-text u-text-2\"> Durch Ihre Mitgliedschaft im Heimat- und Kulturverein Ottweiler e. V. gestalten Sie aktiv die Zukunft unserer Stadt mit. Sie haben die M\u00f6glichkeit, Ihre Ideen einzubringen, an zahlreichen spannenden Projekten teilzunehmen und Netzwerke mit Gleichgesinnten aufzubauen. Als Mitglied unterst\u00fctzen Sie nicht nur die Kultur, Sie tragen mit dazu bei, lokale Identit\u00e4t zu stiften.&nbsp;<br>\n          <br>Werden Sie Teil unserer Gemeinschaft und gestalten Sie Ottweiler aktiv mit! Zusammen schaffen wir eine lebendige und vielf\u00e4ltige Stadt, die von allen Beteiligten gepr\u00e4gt wird.\n        <\/p>\n      <\/div>\n    <\/section>\n    <section class=\"skrollable u-clearfix u-image u-parallax u-section-11\" id=\"sec-1f7f\" data-image-width=\"4640\" data-image-height=\"3472\" style=\"background-image: url(&quot;https:\/\/hukv-ottweiler.de\/wp-content\/uploads\/2024\/03\/Graf3-1-scaled.webp&quot;);\">\n      <div class=\"u-clearfix u-sheet u-valign-middle u-sheet-1\"><\/div>\n    <\/section>\n    <section class=\"u-clearfix u-grey-5 u-section-12\" id=\"sec-4e10\">\n      <div class=\"u-clearfix u-sheet u-valign-bottom-xs u-sheet-1\">\n        <img decoding=\"async\" class=\"custom-expanded u-border-2 u-border-grey-5 u-image u-image-round u-radius u-image-1\" src=\"https:\/\/hukv-ottweiler.de\/wp-content\/uploads\/2025\/02\/Festival2.jpg\" alt=\"\" data-image-width=\"600\" data-image-height=\"449\">\n        <div class=\"custom-expanded u-container-style u-group u-preserve-proportions u-radius u-shape-round u-white u-group-1\">\n          <div class=\"u-container-layout u-container-layout-1\">\n            <h3 class=\"u-text u-text-1\">Kontakt<\/h3>\n            <p class=\"u-text u-text-default u-text-2\"> Heimat- und Kulturverein der Stadt Ottweiler e.V.<\/p>\n            <p class=\"u-text u-text-3\"> Gerh.-Hauptm.-Str. 58<br>66564 Ottweiler\n            <\/p>\n            <a href=\"mailto:info@hukv-ottweiler.de\" class=\"u-border-1 u-border-active-palette-2-base u-border-hover-palette-1-base u-border-no-left u-border-no-right u-border-no-top u-btn u-button-style u-none u-text-hover-palette-4-dark-2 u-text-palette-1-base u-btn-1\">info@hukv-ottweiler.de<\/a>\n            <a href=\"http:\/\/www.hukv-ottweiler.de\" class=\"u-border-1 u-border-active-palette-2-base u-border-hover-palette-1-base u-border-no-left u-border-no-right u-border-no-top u-btn u-button-style u-none u-text-hover-palette-4-dark-2 u-text-palette-1-base u-btn-2\">www.hukv-ottweiler.de<\/a>\n            <p class=\"u-text u-text-default u-text-4\">Tel.:<\/p>\n            <a href=\"#\" class=\"u-align-left u-btn u-button-style u-text-hover-palette-1-base u-btn-3\">Brigitte Meister: 06824-2724 <br>Marion Strempel: 0170-4700243<br>Ralf Hoffmann: 0152-53122446\n            <\/a>\n          <\/div>\n        <\/div>\n      <\/div>\n    <\/section>\n    <section class=\"skrollable u-clearfix u-image u-parallax u-section-13\" id=\"sec-f38a\" data-image-width=\"4640\" data-image-height=\"3472\" style=\"background-image: url(&quot;https:\/\/hukv-ottweiler.de\/wp-content\/uploads\/2024\/03\/spiel29-1-scaled.webp&quot;);\">\n      <div class=\"u-clearfix u-sheet u-sheet-1\"><\/div>\n    <\/section>\n    <section class=\"u-align-center u-clearfix u-container-align-center u-grey-5 u-section-14\" id=\"sec-3f4b\">\n      <div class=\"u-clearfix u-sheet u-sheet-1\">\n        <h2 class=\"u-align-left u-text u-text-1\">Impressionen<\/h2>\n        <div class=\"u-preserve-proportions u-radius u-shape u-shape-round u-white u-shape-1\"><\/div>\n        <div class=\"u-preserve-proportions u-radius u-shape u-shape-round u-white u-shape-2\"><\/div>\n        <div class=\"u-carousel u-carousel-duration-750 u-expanded-width-xs u-gallery u-gallery-slider u-layout-carousel u-lightbox u-no-transition u-show-text-on-hover u-thumbnails-position-left u-gallery-1\" id=\"carousel-7a01\" data-interval=\"5000\" data-u-ride=\"carousel\">\n          <ol class=\"u-absolute-hcenter u-carousel-indicators u-carousel-indicators-1\">\n            <li data-u-target=\"#carousel-7a01\" data-u-slide-to=\"0\" class=\"u-active u-grey-70 u-shape-circle\" style=\"width: 10px; height: 10px;\"><\/li>\n            <li data-u-target=\"#carousel-7a01\" data-u-slide-to=\"1\" class=\"u-grey-70 u-shape-circle\" style=\"width: 10px; height: 10px;\"><\/li>\n            <li data-u-target=\"#carousel-7a01\" data-u-slide-to=\"2\" class=\"u-grey-70 u-shape-circle\" style=\"width: 10px; height: 10px;\"><\/li>\n            <li data-u-target=\"#carousel-7a01\" data-u-slide-to=\"3\" class=\"u-grey-70 u-shape-circle\" style=\"width: 10px; height: 10px;\"><\/li>\n          <\/ol>\n          <div class=\"u-carousel-inner u-gallery-inner\" role=\"listbox\">\n            <div class=\"u-active u-carousel-item u-effect-fade u-gallery-item u-carousel-item-1\" data-image-width=\"4640\" data-image-height=\"3472\">\n              <div class=\"u-back-slide\">\n                <img decoding=\"async\" class=\"u-back-image u-expanded u-back-image-1\" src=\"https:\/\/hukv-ottweiler.de\/wp-content\/uploads\/2024\/03\/spiel29-scaled.webp\">\n              <\/div>\n              <div class=\"u-align-center u-over-slide u-shading u-valign-bottom u-over-slide-1\"><\/div>\n              <style data-mode=\"XL\" data-visited=\"true\"><\/style>\n              <style data-mode=\"LG\"><\/style>\n              <style data-mode=\"MD\"><\/style>\n              <style data-mode=\"SM\"><\/style>\n              <style data-mode=\"XS\" data-visited=\"true\"><\/style>\n            <\/div>\n            <div class=\"u-carousel-item u-effect-fade u-gallery-item u-carousel-item-2\">\n              <div class=\"u-back-slide\" data-image-width=\"4640\" data-image-height=\"3472\">\n                <img decoding=\"async\" class=\"u-back-image u-expanded u-back-image-2\" src=\"https:\/\/hukv-ottweiler.de\/wp-content\/uploads\/2024\/03\/Graf3-scaled.webp\">\n              <\/div>\n              <div class=\"u-align-center u-over-slide u-shading u-valign-bottom u-over-slide-2\"><\/div>\n            <\/div>\n            <div class=\"u-carousel-item u-effect-fade u-gallery-item u-carousel-item-3\" data-image-width=\"4640\" data-image-height=\"3472\">\n              <div class=\"u-back-slide\">\n                <img decoding=\"async\" class=\"u-back-image u-expanded u-back-image-3\" src=\"https:\/\/hukv-ottweiler.de\/wp-content\/uploads\/2024\/03\/Biene10-scaled.webp\">\n              <\/div>\n              <div class=\"u-align-center u-over-slide u-shading u-valign-bottom u-over-slide-3\"><\/div>\n              <style data-mode=\"XL\" data-visited=\"true\"><\/style>\n              <style data-mode=\"LG\"><\/style>\n              <style data-mode=\"MD\"><\/style>\n              <style data-mode=\"SM\"><\/style>\n              <style data-mode=\"XS\" data-visited=\"true\"><\/style>\n            <\/div>\n            <div class=\"u-carousel-item u-effect-fade u-gallery-item u-carousel-item-4\">\n              <div class=\"u-back-slide\" data-image-width=\"2000\" data-image-height=\"1500\">\n                <img decoding=\"async\" class=\"u-back-image u-expanded u-back-image-4\" src=\"https:\/\/hukv-ottweiler.de\/wp-content\/uploads\/2024\/03\/400756885_2477076762467663_4715501954397430896_n.jpg\">\n              <\/div>\n              <div class=\"u-align-center u-over-slide u-shading u-valign-bottom u-over-slide-4\"><\/div>\n            <\/div>\n          <\/div>\n          <a class=\"u-absolute-vcenter u-carousel-control u-carousel-control-prev u-grey-70 u-icon-circle u-opacity u-opacity-70 u-spacing-10 u-text-white u-carousel-control-1\" href=\"#carousel-7a01\" role=\"button\" data-u-slide=\"prev\">\n            <span aria-hidden=\"true\">\n              <svg viewBox=\"0 0 451.847 451.847\"><path d=\"M97.141,225.92c0-8.095,3.091-16.192,9.259-22.366L300.689,9.27c12.359-12.359,32.397-12.359,44.751,0\nc12.354,12.354,12.354,32.388,0,44.748L173.525,225.92l171.903,171.909c12.354,12.354,12.354,32.391,0,44.744\nc-12.354,12.365-32.386,12.365-44.745,0l-194.29-194.281C100.226,242.115,97.141,234.018,97.141,225.92z\"><\/path><\/svg>\n            <\/span>\n            <span class=\"sr-only\">\n              <svg viewBox=\"0 0 451.847 451.847\"><path d=\"M97.141,225.92c0-8.095,3.091-16.192,9.259-22.366L300.689,9.27c12.359-12.359,32.397-12.359,44.751,0\nc12.354,12.354,12.354,32.388,0,44.748L173.525,225.92l171.903,171.909c12.354,12.354,12.354,32.391,0,44.744\nc-12.354,12.365-32.386,12.365-44.745,0l-194.29-194.281C100.226,242.115,97.141,234.018,97.141,225.92z\"><\/path><\/svg>\n            <\/span>\n          <\/a>\n          <a class=\"u-absolute-vcenter u-carousel-control u-carousel-control-next u-grey-70 u-icon-circle u-opacity u-opacity-70 u-spacing-10 u-text-white u-carousel-control-2\" href=\"#carousel-7a01\" role=\"button\" data-u-slide=\"next\">\n            <span aria-hidden=\"true\">\n              <svg viewBox=\"0 0 451.846 451.847\"><path d=\"M345.441,248.292L151.154,442.573c-12.359,12.365-32.397,12.365-44.75,0c-12.354-12.354-12.354-32.391,0-44.744\nL278.318,225.92L106.409,54.017c-12.354-12.359-12.354-32.394,0-44.748c12.354-12.359,32.391-12.359,44.75,0l194.287,194.284\nc6.177,6.18,9.262,14.271,9.262,22.366C354.708,234.018,351.617,242.115,345.441,248.292z\"><\/path><\/svg>\n            <\/span>\n            <span class=\"sr-only\">\n              <svg viewBox=\"0 0 451.846 451.847\"><path d=\"M345.441,248.292L151.154,442.573c-12.359,12.365-32.397,12.365-44.75,0c-12.354-12.354-12.354-32.391,0-44.744\nL278.318,225.92L106.409,54.017c-12.354-12.359-12.354-32.394,0-44.748c12.354-12.359,32.391-12.359,44.75,0l194.287,194.284\nc6.177,6.18,9.262,14.271,9.262,22.366C354.708,234.018,351.617,242.115,345.441,248.292z\"><\/path><\/svg>\n            <\/span>\n          <\/a>\n        <\/div>\n      <\/div>\n    <\/section>\n    <section class=\"u-clearfix u-white u-section-15\" id=\"carousel_f109\">\n      <div class=\"u-clearfix u-sheet u-sheet-1\">\n        <h3 class=\"u-text u-text-1\"> Neujahrsempfang&nbsp; mit der Stadtverwaltung<\/h3>\n      <\/div>\n    <\/section>\n    <section class=\"u-align-center u-clearfix u-container-align-center u-section-16\" id=\"sec-eaf9\">\n      <div class=\"u-clearfix u-sheet u-sheet-1\">\n        <div class=\"u-expanded-width u-gallery u-layout-grid u-lightbox u-show-text-on-hover u-gallery-1\">\n          <div class=\"u-gallery-inner u-gallery-inner-1\">\n            <div class=\"u-effect-fade u-gallery-item\">\n              <div class=\"u-back-slide\" data-image-width=\"540\" data-image-height=\"312\">\n                <img decoding=\"async\" class=\"u-back-image u-expanded\" src=\"https:\/\/hukv-ottweiler.de\/wp-content\/uploads\/2024\/03\/IMG_20211016_232333_032-1.jpg\">\n              <\/div>\n              <div class=\"u-over-slide u-shading u-over-slide-1\"><\/div>\n            <\/div>\n            <div class=\"u-effect-fade u-gallery-item\">\n              <div class=\"u-back-slide\" data-image-width=\"803\" data-image-height=\"600\">\n                <img decoding=\"async\" class=\"u-back-image u-expanded\" src=\"https:\/\/hukv-ottweiler.de\/wp-content\/uploads\/2024\/03\/brgermeisterbhne.webp\">\n              <\/div>\n              <div class=\"u-over-slide u-shading u-over-slide-2\"><\/div>\n            <\/div>\n            <div class=\"u-effect-fade u-gallery-item\">\n              <div class=\"u-back-slide\" data-image-width=\"800\" data-image-height=\"598\">\n                <img decoding=\"async\" class=\"u-back-image u-expanded\" src=\"https:\/\/hukv-ottweiler.de\/wp-content\/uploads\/2024\/03\/brgermeisterbhne2.webp\">\n              <\/div>\n              <div class=\"u-over-slide u-shading u-over-slide-3\"><\/div>\n            <\/div>\n            <div class=\"u-effect-fade u-gallery-item\">\n              <div class=\"u-back-slide\" data-image-width=\"445\" data-image-height=\"414\">\n                <img decoding=\"async\" class=\"u-back-image u-expanded u-back-image-4\" src=\"https:\/\/hukv-ottweiler.de\/wp-content\/uploads\/2024\/03\/grafiti600pxquer.webp\">\n              <\/div>\n              <div class=\"u-over-slide u-shading u-over-slide-4\"><\/div>\n            <\/div>\n            <div class=\"u-effect-fade u-gallery-item\">\n              <div class=\"u-back-slide\" data-image-width=\"720\" data-image-height=\"540\">\n                <img decoding=\"async\" class=\"u-back-image u-expanded\" src=\"https:\/\/hukv-ottweiler.de\/wp-content\/uploads\/2024\/03\/EingangWilhelm-Heinrich-Strae.jpg\">\n              <\/div>\n              <div class=\"u-over-slide u-shading u-over-slide-5\"><\/div>\n            <\/div>\n            <div class=\"u-effect-fade u-gallery-item\">\n              <div class=\"u-back-slide\" data-image-width=\"800\" data-image-height=\"600\">\n                <img decoding=\"async\" class=\"u-back-image u-expanded\" src=\"https:\/\/hukv-ottweiler.de\/wp-content\/uploads\/2024\/03\/weihnachtsmarkt.webp\">\n              <\/div>\n              <div class=\"u-over-slide u-shading u-over-slide-6\"><\/div>\n            <\/div>\n            <div class=\"u-effect-fade u-gallery-item\">\n              <div class=\"u-back-slide\" data-image-width=\"800\" data-image-height=\"600\">\n                <img decoding=\"async\" class=\"u-back-image u-expanded\" src=\"https:\/\/hukv-ottweiler.de\/wp-content\/uploads\/2024\/03\/weihnachtsmarkt2.webp\">\n              <\/div>\n              <div class=\"u-over-slide u-shading u-over-slide-7\"><\/div>\n            <\/div>\n          <\/div>\n        <\/div>\n      <\/div>\n    <\/section>\n    \n    \n    \n  \n<\/div>","protected":false},"excerpt":{"rendered":"<p>Der Heimat- und Kulturverein&nbsp;Ottweiler e. V. \u2013&nbsp;wer wir sind, was wir wollen Seit unserer Gr\u00fcndung setzen wir uns leidenschaftlich f\u00fcr die Entwicklung und das Miteinander in unserer sch\u00f6nen Stadt Ottweiler ein. Als gemeinn\u00fctziger Verein verfolgen wir das Ziel, die Stadt zu f\u00f6rdern, das kulturelle Leben zu bereichern und auch die lokale Wirtschaft zu st\u00e4rken. Unser [&hellip;]<\/p>\n","protected":false},"author":2,"featured_media":76,"parent":0,"menu_order":0,"comment_status":"closed","ping_status":"closed","template":"","meta":{"footnotes":""},"class_list":["post-11","page","type-page","status-publish","has-post-thumbnail","hentry"],"_links":{"self":[{"href":"https:\/\/hukv-ottweiler.de\/index.php\/wp-json\/wp\/v2\/pages\/11","targetHints":{"allow":["GET"]}}],"collection":[{"href":"https:\/\/hukv-ottweiler.de\/index.php\/wp-json\/wp\/v2\/pages"}],"about":[{"href":"https:\/\/hukv-ottweiler.de\/index.php\/wp-json\/wp\/v2\/types\/page"}],"author":[{"embeddable":true,"href":"https:\/\/hukv-ottweiler.de\/index.php\/wp-json\/wp\/v2\/users\/2"}],"replies":[{"embeddable":true,"href":"https:\/\/hukv-ottweiler.de\/index.php\/wp-json\/wp\/v2\/comments?post=11"}],"version-history":[{"count":41,"href":"https:\/\/hukv-ottweiler.de\/index.php\/wp-json\/wp\/v2\/pages\/11\/revisions"}],"predecessor-version":[{"id":186,"href":"https:\/\/hukv-ottweiler.de\/index.php\/wp-json\/wp\/v2\/pages\/11\/revisions\/186"}],"wp:featuredmedia":[{"embeddable":true,"href":"https:\/\/hukv-ottweiler.de\/index.php\/wp-json\/wp\/v2\/media\/76"}],"wp:attachment":[{"href":"https:\/\/hukv-ottweiler.de\/index.php\/wp-json\/wp\/v2\/media?parent=11"}],"curies":[{"name":"wp","href":"https:\/\/api.w.org\/{rel}","templated":true}]}}